{"id":224191,"date":"2021-01-08T21:22:12","date_gmt":"2021-01-08T21:22:12","guid":{"rendered":"https:\/\/mediumslateblue-viper-911890.hostingersite.com\/?page_id=224191"},"modified":"2026-02-18T08:55:20","modified_gmt":"2026-02-18T08:55:20","slug":"about-us","status":"publish","type":"page","link":"https:\/\/world-couture.com\/fr\/about-us\/","title":{"rendered":"About us"},"content":{"rendered":"\t\t<div data-elementor-type=\"wp-page\" data-elementor-id=\"224191\" class=\"elementor elementor-224191\">\n\t\t\t\t<div class=\"elementor-element elementor-element-e6acc46 e-flex e-con-boxed e-con e-parent\" data-id=\"e6acc46\" data-element_type=\"container\" data-e-type=\"container\">\n\t\t\t\t\t<div class=\"e-con-inner\">\n\t\t\t\t<div class=\"elementor-element elementor-element-3a387d6b wd-width-100 elementor-widget elementor-widget-wd_title\" data-id=\"3a387d6b\" data-element_type=\"widget\" data-e-type=\"widget\" data-widget_type=\"wd_title.default\">\n\t\t\t\t<div class=\"elementor-widget-container\">\n\t\t\t\t\t\t\t<div class=\"title-wrapper wd-set-mb reset-last-child wd-title-color-default wd-title-style-default wd-title-size-extra-large text-left\">\n\n\t\t\t\n\t\t\t<div class=\"liner-continer\">\n\t\t\t\t<h4 class=\"woodmart-title-container title wd-fontsize-xxxl\">\u00c0 propos de nous<\/h4> \n\t\t\t\t\t\t\t<\/div>\n\n\t\t\t\t\t<\/div>\n\t\t\t\t\t\t<\/div>\n\t\t\t\t<\/div>\n\t\t\t\t<div class=\"elementor-element elementor-element-28a78131 elementor-hidden-tablet elementor-hidden-mobile elementor-widget elementor-widget-wd_text_block\" data-id=\"28a78131\" data-element_type=\"widget\" data-e-type=\"widget\" data-widget_type=\"wd_text_block.default\">\n\t\t\t\t<div class=\"elementor-widget-container\">\n\t\t\t\t\t\t\t<div class=\"wd-text-block reset-last-child text-left\">\n\t\t\t\n\t\t\t<h2 data-start=\"133\" data-end=\"161\">L'\u00e9l\u00e9gance faite pour vous<\/h2>\n\t\t\t\t\t<\/div>\n\t\t\t\t\t\t<\/div>\n\t\t\t\t<\/div>\n\t\t\t\t<div class=\"elementor-element elementor-element-5f22c93e elementor-widget elementor-widget-wd_text_block\" data-id=\"5f22c93e\" data-element_type=\"widget\" data-e-type=\"widget\" data-widget_type=\"wd_text_block.default\">\n\t\t\t\t<div class=\"elementor-widget-container\">\n\t\t\t\t\t\t\t<div class=\"wd-text-block reset-last-child text-left\">\n\t\t\t\n\t\t\t<p>Chez World Couture, nous cr\u00e9ons de magnifiques v\u00eatements sur mesure pour les femmes qui appr\u00e9cient l'\u00e9l\u00e9gance et la qualit\u00e9.<\/p><p>Nous concevons et r\u00e9alisons des robes de haute couture pour les moments importants de votre vie, avant, pendant et apr\u00e8s. Chaque pi\u00e8ce est confectionn\u00e9e avec soin, passion et une attention particuli\u00e8re port\u00e9e \u00e0 chaque d\u00e9tail.<\/p>\n\t\t\t\t\t<\/div>\n\t\t\t\t\t\t<\/div>\n\t\t\t\t<\/div>\n\t\t\t\t<div class=\"elementor-element elementor-element-50cd457 color-scheme-inherit text-left elementor-widget elementor-widget-text-editor\" data-id=\"50cd457\" data-element_type=\"widget\" data-e-type=\"widget\" data-widget_type=\"text-editor.default\">\n\t\t\t\t\t\t\t\t\t<h2 data-start=\"949\" data-end=\"967\">Notre promesse<\/h2><p>Nous pensons que la mode doit \u00eatre \u00e9l\u00e9gante, confortable et intemporelle.<\/p><p>C\u2019est pourquoi nous privil\u00e9gions la qualit\u00e9, le savoir-faire et un service personnalis\u00e9 pour chaque client.<\/p><p data-start=\"1123\" data-end=\"1214\">Chez World Couture, vous n&rsquo;achetez pas seulement une robe, vous cr\u00e9ez quelque chose d&rsquo;unique.<\/p>\t\t\t\t\t\t\t\t<\/div>\n\t\t\t\t\t<\/div>\n\t\t\t\t<\/div>\n\t\t<div class=\"wd-negative-gap elementor-element elementor-element-137858c6 wd-section-stretch-content e-flex e-con-boxed e-con e-parent\" data-id=\"137858c6\" data-element_type=\"container\" data-e-type=\"container\">\n\t\t\t\t\t<div class=\"e-con-inner\">\n\t\t\t\t<div class=\"elementor-element elementor-element-4d11a656 elementor-widget__width-inherit elementor-widget elementor-widget-wd_image_or_svg\" data-id=\"4d11a656\" data-element_type=\"widget\" data-e-type=\"widget\" data-widget_type=\"wd_image_or_svg.default\">\n\t\t\t\t<div class=\"elementor-widget-container\">\n\t\t\t\t\t\n\t\t<div class=\"wd-image text-center\">\n\t\t\t\t\t\t\t\t<img loading=\"lazy\" decoding=\"async\" width=\"768\" height=\"960\" src=\"https:\/\/world-couture.com\/wp-content\/uploads\/2022\/10\/unknown_161580804_485796462445936_5695317072691437099_n-768x960.jpg\" class=\"attachment-medium_large size-medium_large\" alt=\"\" srcset=\"https:\/\/world-couture.com\/wp-content\/uploads\/2022\/10\/unknown_161580804_485796462445936_5695317072691437099_n-768x960.jpg 768w, https:\/\/world-couture.com\/wp-content\/uploads\/2022\/10\/unknown_161580804_485796462445936_5695317072691437099_n-430x538.jpg 430w, https:\/\/world-couture.com\/wp-content\/uploads\/2022\/10\/unknown_161580804_485796462445936_5695317072691437099_n-150x188.jpg 150w, https:\/\/world-couture.com\/wp-content\/uploads\/2022\/10\/unknown_161580804_485796462445936_5695317072691437099_n-700x875.jpg 700w, https:\/\/world-couture.com\/wp-content\/uploads\/2022\/10\/unknown_161580804_485796462445936_5695317072691437099_n-240x300.jpg 240w, https:\/\/world-couture.com\/wp-content\/uploads\/2022\/10\/unknown_161580804_485796462445936_5695317072691437099_n-819x1024.jpg 819w, https:\/\/world-couture.com\/wp-content\/uploads\/2022\/10\/unknown_161580804_485796462445936_5695317072691437099_n.jpg 1080w\" sizes=\"auto, (max-width: 768px) 100vw, 768px\" \/>\t\t\t\t\t<\/div>\n\n\t\t\t\t\t\t<\/div>\n\t\t\t\t<\/div>\n\t\t<div class=\"elementor-element elementor-element-16fcf21b e-con-full e-flex e-con e-child\" data-id=\"16fcf21b\" data-element_type=\"container\" data-e-type=\"container\">\n\t\t\t\t<div class=\"elementor-element elementor-element-71f7f01a wd-width-100 elementor-widget elementor-widget-wd_title\" data-id=\"71f7f01a\" data-element_type=\"widget\" data-e-type=\"widget\" data-widget_type=\"wd_title.default\">\n\t\t\t\t<div class=\"elementor-widget-container\">\n\t\t\t\t\t\t\t<div class=\"title-wrapper wd-set-mb reset-last-child wd-title-color-default wd-title-style-default wd-title-size-default text-center\">\n\n\t\t\t\n\t\t\t<div class=\"liner-continer\">\n\t\t\t\t<h4 class=\"woodmart-title-container title wd-fontsize-l wd-underline-colored\">Qui sommes-nous ?<\/h4> \n\t\t\t\t\t\t\t<\/div>\n\n\t\t\t\t\t\t\t<div class=\"title-after_title reset-last-child wd-fontsize-xs\">\n\t\t\t\t\t<p>World Couture est un atelier de mode de luxe sp\u00e9cialis\u00e9 dans les robes de soir\u00e9e, les robes de mari\u00e9e, les cr\u00e9ations sur mesure, ainsi que les retouches et la confection sur mesure. Notre objectif est simple\u00a0: vous aider \u00e0 rayonner de confiance, d\u2019\u00e9l\u00e9gance et d\u2019originalit\u00e9 gr\u00e2ce \u00e0 des pi\u00e8ces cr\u00e9\u00e9es sp\u00e9cialement pour vous.<\/p>\t\t\t\t<\/div>\n\t\t\t\t\t<\/div>\n\t\t\t\t\t\t<\/div>\n\t\t\t\t<\/div>\n\t\t\t\t<div class=\"elementor-element elementor-element-ee1f996 wd-width-100 elementor-widget elementor-widget-wd_title\" data-id=\"ee1f996\" data-element_type=\"widget\" data-e-type=\"widget\" data-widget_type=\"wd_title.default\">\n\t\t\t\t<div class=\"elementor-widget-container\">\n\t\t\t\t\t\t\t<div class=\"title-wrapper wd-set-mb reset-last-child wd-title-color-default wd-title-style-default wd-title-size-default text-center\">\n\n\t\t\t\n\t\t\t<div class=\"liner-continer\">\n\t\t\t\t<h4 class=\"woodmart-title-container title wd-fontsize-l wd-underline-colored\">Notre promesse<\/h4> \n\t\t\t\t\t\t\t<\/div>\n\n\t\t\t\t\t\t\t<div class=\"title-after_title reset-last-child wd-fontsize-xs\">\n\t\t\t\t\t<p>Nous croyons que la mode doit \u00eatre \u00e9l\u00e9gante, confortable et intemporelle.<\/p><p>C\u2019est pourquoi nous privil\u00e9gions la qualit\u00e9, le savoir-faire et un service personnalis\u00e9 pour chaque cliente.<\/p><p>Chez World Couture, vous n\u2019achetez pas seulement une robe\u00a0: vous cr\u00e9ez une pi\u00e8ce unique.<\/p>\t\t\t\t<\/div>\n\t\t\t\t\t<\/div>\n\t\t\t\t\t\t<\/div>\n\t\t\t\t<\/div>\n\t\t\t\t<div class=\"elementor-element elementor-element-2d48745 wd-width-100 elementor-widget elementor-widget-wd_title\" data-id=\"2d48745\" data-element_type=\"widget\" data-e-type=\"widget\" data-widget_type=\"wd_title.default\">\n\t\t\t\t<div class=\"elementor-widget-container\">\n\t\t\t\t\t\t\t<div class=\"title-wrapper wd-set-mb reset-last-child wd-title-color-default wd-title-style-default wd-title-size-default text-center\">\n\n\t\t\t\n\t\t\t<div class=\"liner-continer\">\n\t\t\t\t<h4 class=\"woodmart-title-container title wd-fontsize-l wd-underline-colored\">Ligne de cl\u00f4ture<\/h4> \n\t\t\t\t\t\t\t<\/div>\n\n\t\t\t\t\t\t\t<div class=\"title-after_title reset-last-child wd-fontsize-xs\">\n\t\t\t\t\t<p>Laissez-nous cr\u00e9er le look parfait pour vous.<\/p><p>Nous serons ravis de vous accueillir dans notre atelier.<\/p>\t\t\t\t<\/div>\n\t\t\t\t\t<\/div>\n\t\t\t\t\t\t<\/div>\n\t\t\t\t<\/div>\n\t\t\t\t<div class=\"elementor-element elementor-element-7fa2de18 elementor-widget elementor-widget-wd_social_buttons\" data-id=\"7fa2de18\" data-element_type=\"widget\" data-e-type=\"widget\" data-widget_type=\"wd_social_buttons.default\">\n\t\t\t\t<div class=\"elementor-widget-container\">\n\t\t\t\t\t\t\t\t<div\n\t\t\t\t\t\tclass=\" wd-social-icons wd-style-bordered wd-size-default social-share wd-shape-circle color-scheme-dark text-center\">\n\t\t\t\t\n\t\t\t\t\n\t\t\t\t\t\t\t\t\t<a rel=\"noopener noreferrer nofollow\" href=\"https:\/\/www.facebook.com\/sharer\/sharer.php?u=https:\/\/world-couture.com\/fr\/about-us\/\" target=\"_blank\" class=\" wd-social-icon social-facebook\" aria-label=\"Facebook social link\">\n\t\t\t\t\t\t<span class=\"wd-icon\"><\/span>\n\t\t\t\t\t\t\t\t\t\t\t<\/a>\n\t\t\t\t\n\t\t\t\t\t\t\t\t\t<a rel=\"noopener noreferrer nofollow\" href=\"https:\/\/x.com\/share?url=https:\/\/world-couture.com\/fr\/about-us\/\" target=\"_blank\" class=\" wd-social-icon social-twitter\" aria-label=\"X social link\">\n\t\t\t\t\t\t<span class=\"wd-icon\"><\/span>\n\t\t\t\t\t\t\t\t\t\t\t<\/a>\n\t\t\t\t\n\t\t\t\t\n\t\t\t\t\n\t\t\t\t\n\t\t\t\t\n\t\t\t\t\n\t\t\t\t\t\t\t\t\t<a rel=\"noopener noreferrer nofollow\" href=\"https:\/\/pinterest.com\/pin\/create\/button\/?url=https:\/\/world-couture.com\/fr\/about-us\/&#038;media=https:\/\/world-couture.com\/wp-includes\/images\/media\/default.svg&#038;description=About%20us\" target=\"_blank\" class=\" wd-social-icon social-pinterest\" aria-label=\"Pinterest social link\">\n\t\t\t\t\t\t<span class=\"wd-icon\"><\/span>\n\t\t\t\t\t\t\t\t\t\t\t<\/a>\n\t\t\t\t\n\t\t\t\t\n\t\t\t\t\t\t\t\t\t<a rel=\"noopener noreferrer nofollow\" href=\"https:\/\/www.linkedin.com\/shareArticle?mini=true&#038;url=https:\/\/world-couture.com\/fr\/about-us\/\" target=\"_blank\" class=\" wd-social-icon social-linkedin\" aria-label=\"Linkedin social link\">\n\t\t\t\t\t\t<span class=\"wd-icon\"><\/span>\n\t\t\t\t\t\t\t\t\t\t\t<\/a>\n\t\t\t\t\n\t\t\t\t\n\t\t\t\t\n\t\t\t\t\n\t\t\t\t\n\t\t\t\t\n\t\t\t\t\n\t\t\t\t\n\t\t\t\t\n\t\t\t\t\t\t\t\t\t<a rel=\"noopener noreferrer nofollow\" href=\"https:\/\/api.whatsapp.com\/send?text=https%3A%2F%2Fworld-couture.com%2Ffr%2Fabout-us%2F\" target=\"_blank\" class=\" wd-hide-md wd-social-icon social-whatsapp\" aria-label=\"WhatsApp social link\">\n\t\t\t\t\t\t<span class=\"wd-icon\"><\/span>\n\t\t\t\t\t\t\t\t\t\t\t<\/a>\n\n\t\t\t\t\t<a rel=\"noopener noreferrer nofollow\" href=\"whatsapp:\/\/send?text=http:\/\/https%3A%2F%2Fworld-couture.com%2Ffr%2Fabout-us%2F\" target=\"_blank\" class=\" wd-hide-lg wd-social-icon social-whatsapp\" aria-label=\"WhatsApp social link\">\n\t\t\t\t\t\t<span class=\"wd-icon\"><\/span>\n\t\t\t\t\t\t\t\t\t\t\t<\/a>\n\t\t\t\t\n\t\t\t\t\n\t\t\t\t\n\t\t\t\t\n\t\t\t\t\n\t\t\t\t\n\t\t\t\t\t\t\t\t\t<a rel=\"noopener noreferrer nofollow\" href=\"https:\/\/telegram.me\/share\/url?url=https:\/\/world-couture.com\/fr\/about-us\/\" target=\"_blank\" class=\" wd-social-icon social-tg\" aria-label=\"Telegram social link\">\n\t\t\t\t\t\t<span class=\"wd-icon\"><\/span>\n\t\t\t\t\t\t\t\t\t\t\t<\/a>\n\t\t\t\t\n\t\t\t\t\n\t\t\t<\/div>\n\n\t\t\t\t\t\t<\/div>\n\t\t\t\t<\/div>\n\t\t\t\t<\/div>\n\t\t\t\t\t<\/div>\n\t\t\t\t<\/div>\n\t\t\t\t<\/div>\n\t\t","protected":false},"excerpt":{"rendered":"<p>\u00c0 propos de nous L&rsquo;\u00e9l\u00e9gance faite pour vous Chez World Couture, nous cr\u00e9ons de magnifiques v\u00eatements sur mesure pour les<\/p>\n","protected":false},"author":1,"featured_media":0,"parent":0,"menu_order":0,"comment_status":"closed","ping_status":"closed","template":"","meta":{"footnotes":""},"class_list":["post-224191","page","type-page","status-publish","hentry"],"_links":{"self":[{"href":"https:\/\/world-couture.com\/fr\/wp-json\/wp\/v2\/pages\/224191","targetHints":{"allow":["GET"]}}],"collection":[{"href":"https:\/\/world-couture.com\/fr\/wp-json\/wp\/v2\/pages"}],"about":[{"href":"https:\/\/world-couture.com\/fr\/wp-json\/wp\/v2\/types\/page"}],"author":[{"embeddable":true,"href":"https:\/\/world-couture.com\/fr\/wp-json\/wp\/v2\/users\/1"}],"replies":[{"embeddable":true,"href":"https:\/\/world-couture.com\/fr\/wp-json\/wp\/v2\/comments?post=224191"}],"version-history":[{"count":8,"href":"https:\/\/world-couture.com\/fr\/wp-json\/wp\/v2\/pages\/224191\/revisions"}],"predecessor-version":[{"id":225304,"href":"https:\/\/world-couture.com\/fr\/wp-json\/wp\/v2\/pages\/224191\/revisions\/225304"}],"wp:attachment":[{"href":"https:\/\/world-couture.com\/fr\/wp-json\/wp\/v2\/media?parent=224191"}],"curies":[{"name":"wp","href":"https:\/\/api.w.org\/{rel}","templated":true}]}}