{"id":224196,"date":"2024-05-27T09:45:13","date_gmt":"2024-05-27T09:45:13","guid":{"rendered":"https:\/\/mediumslateblue-viper-911890.hostingersite.com\/?page_id=224196"},"modified":"2024-06-03T13:16:59","modified_gmt":"2024-06-03T13:16:59","slug":"contactez-nous","status":"publish","type":"page","link":"https:\/\/world-couture.com\/fr\/contactez-nous\/","title":{"rendered":"Contactez nous"},"content":{"rendered":"<p>[row style=\u00a0\u00bbcollapse\u00a0\u00bb width=\u00a0\u00bbfull-width\u00a0\u00bb]<\/p>\n<p>[col span__sm=\u00a0\u00bb12&Prime; padding=\u00a0\u00bb0px 30px 0px 30px\u00a0\u00bb]<\/p>\n<p>[section label=\u00a0\u00bbHero\u00a0\u00bb bg=\u00a0\u00bb223002&Prime; bg_overlay=\u00a0\u00bbrgba(0, 0, 0, 0.12)\u00a0\u00bb bg_overlay__sm=\u00a0\u00bbrgba(0, 0, 0, 0.12)\u00a0\u00bb bg_overlay__md=\u00a0\u00bbrgba(0, 0, 0, 0.21)\u00a0\u00bb bg_pos=\u00a0\u00bb54% 50%\u00a0\u00bb padding=\u00a0\u00bb100px\u00a0\u00bb padding__sm=\u00a0\u00bb0px\u00a0\u00bb padding__md=\u00a0\u00bb0px\u00a0\u00bb height=\u00a0\u00bb0px\u00a0\u00bb]<\/p>\n<p>[row_inner style=\u00a0\u00bbcollapse\u00a0\u00bb width=\u00a0\u00bbcustom\u00a0\u00bb h_align=\u00a0\u00bbcenter\u00a0\u00bb]<\/p>\n<p>[col_inner span__sm=\u00a0\u00bb12&Prime; padding=\u00a0\u00bb100px 0px 200px 0px\u00a0\u00bb padding__sm=\u00a0\u00bb100px 20px 200px 0px\u00a0\u00bb align=\u00a0\u00bbcenter\u00a0\u00bb color=\u00a0\u00bblight\u00a0\u00bb]<\/p>\n<h1><span style=\"font-size: 250%;\">Contactez nous<\/span><\/h1>\n<p class=\"lead\"><span style=\"font-size: 120%;\">Envoyez nous un message<\/span><\/p>\n<p>[\/col_inner]<\/p>\n<p>[\/row_inner]<\/p>\n<p>[\/section]<\/p>\n<p>[\/col]<\/p>\n<p>[\/row]<br \/>\n[row label=\u00a0\u00bbContact us\u00a0\u00bb style=\u00a0\u00bblarge\u00a0\u00bb width=\u00a0\u00bbcustom\u00a0\u00bb custom_width=\u00a0\u00bb1400px\u00a0\u00bb]<\/p>\n<p>[col span__sm=\u00a0\u00bb12&Prime; padding=\u00a0\u00bb66px 5% 16px 5%\u00a0\u00bb padding__sm=\u00a0\u00bb50px 20px 0px 20px\u00a0\u00bb padding__md=\u00a0\u00bb50px 20px 30px 20px\u00a0\u00bb margin=\u00a0\u00bb-135px 0px 0px 0px\u00a0\u00bb margin__sm=\u00a0\u00bb-0 0px 0px 0px\u00a0\u00bb margin__md=\u00a0\u00bb0 0px 0px 0px\u00a0\u00bb bg_color=\u00a0\u00bbrgb(255, 255, 255)\u00a0\u00bb]<\/p>\n<p>[row_inner style=\u00a0\u00bbcollapse\u00a0\u00bb width=\u00a0\u00bbfull-width\u00a0\u00bb padding=\u00a0\u00bb0px 15px 0px 15px\u00a0\u00bb]<\/p>\n<p>[col_inner span=\u00a0\u00bb6&Prime; span__sm=\u00a0\u00bb12&Prime; span__md=\u00a0\u00bb12&Prime; padding=\u00a0\u00bb0px 0px 0px 20px\u00a0\u00bb]<\/p>\n<h2>Contactez-nous<\/h2>\n<p>Pour les commandes au d\u00e9tail et en gros, n&rsquo;h\u00e9sitez pas \u00e0 nous contacter par t\u00e9l\u00e9phone, e-mail ou Whatsapp<\/p>\n<p>[gap height__sm=\u00a0\u00bb20px\u00a0\u00bb height__md=\u00a0\u00bb20px\u00a0\u00bb]<\/p>\n<p>[row_inner_1]<\/p>\n<p>[col_inner_1 span=\u00a0\u00bb6&Prime; span__sm=\u00a0\u00bb12&Prime;]<\/p>\n<p>[ux_image id=\u00a0\u00bb223233&Prime; width=\u00a0\u00bb20&Prime; width__sm=\u00a0\u00bb15&Prime;]<\/p>\n<h3 class=\"uppercase\">AdDresse<\/h3>\n<p>me\u015frutiyet mahallesi \u015fair nigar sokak NO 89<\/p>\n<p>Osmanbey-\u015fi\u015fli\/istanbul<\/p>\n<p>[\/col_inner_1]<br \/>\n[col_inner_1 span=\u00a0\u00bb6&Prime; span__sm=\u00a0\u00bb12&Prime; span__md=\u00a0\u00bb5&Prime;]<\/p>\n<p>[ux_image id=\u00a0\u00bb223234&Prime; width=\u00a0\u00bb20&Prime; width__sm=\u00a0\u00bb15&Prime;]<\/p>\n<h3 class=\"uppercase\">Horaires d&rsquo;ouvertures<\/h3>\n<p>Lun au Ven: 10am &#8211; 9pm<br \/>\nSamedi : 10am &#8211; 9pm<br \/>\nDimanche : 10am &#8211; 9pm<\/p>\n<p>[\/col_inner_1]<\/p>\n<p>[\/row_inner_1]<br \/>\n[row_inner_1]<\/p>\n<p>[col_inner_1 span=\u00a0\u00bb6&Prime; span__sm=\u00a0\u00bb12&Prime;]<\/p>\n<p>[ux_image id=\u00a0\u00bb223235&Prime; width=\u00a0\u00bb20&Prime; width__sm=\u00a0\u00bb15&Prime;]<\/p>\n<h3 class=\"uppercase\">E-mail<\/h3>\n<p>info@mediumslateblue-viper-911890.hostingersite.com<\/p>\n<p>[\/col_inner_1]<br \/>\n[col_inner_1 span=\u00a0\u00bb6&Prime; span__sm=\u00a0\u00bb12&Prime;]<\/p>\n<p>[ux_image id=\u00a0\u00bb223236&Prime; width=\u00a0\u00bb20&Prime; width__sm=\u00a0\u00bb15&Prime;]<\/p>\n<h3 class=\"uppercase\">Telephone<\/h3>\n<p>+90 537 688 21 01<\/p>\n<p>[\/col_inner_1]<\/p>\n<p>[\/row_inner_1]<\/p>\n<p>[\/col_inner]<br \/>\n[col_inner span=\u00a0\u00bb6&Prime; span__sm=\u00a0\u00bb12&Prime; span__md=\u00a0\u00bb12&Prime;]<\/p>\n<h2>poser une question<\/h2>\n<p>[gap height__sm=\u00a0\u00bb20px\u00a0\u00bb height__md=\u00a0\u00bb20px\u00a0\u00bb]<\/p>\n\n<div class=\"wpcf7 no-js\" id=\"wpcf7-f223168-o1\" lang=\"en-GB\" dir=\"ltr\" data-wpcf7-id=\"223168\">\n<div class=\"screen-reader-response\"><p role=\"status\" aria-live=\"polite\" aria-atomic=\"true\"><\/p> <ul><\/ul><\/div>\n<form action=\"\/fr\/wp-json\/wp\/v2\/pages\/224196#wpcf7-f223168-o1\" method=\"post\" class=\"wpcf7-form init\" aria-label=\"Contact form\" novalidate=\"novalidate\" data-status=\"init\">\n<fieldset class=\"hidden-fields-container\"><input type=\"hidden\" name=\"_wpcf7\" value=\"223168\" \/><input type=\"hidden\" name=\"_wpcf7_version\" value=\"6.1.5\" \/><input type=\"hidden\" name=\"_wpcf7_locale\" value=\"en_GB\" \/><input type=\"hidden\" name=\"_wpcf7_unit_tag\" value=\"wpcf7-f223168-o1\" \/><input type=\"hidden\" name=\"_wpcf7_container_post\" value=\"0\" \/><input type=\"hidden\" name=\"_wpcf7_posted_data_hash\" value=\"\" \/>\n<\/fieldset>\n<p><label> Your name<br \/>\n<span class=\"wpcf7-form-control-wrap\" data-name=\"your-name\"><input size=\"40\" maxlength=\"400\" class=\"wpcf7-form-control wpcf7-text wpcf7-validates-as-required\" aria-required=\"true\" aria-invalid=\"false\" value=\"\" type=\"text\" name=\"your-name\" \/><\/span> <\/label>\n<\/p>\n<p><label> Your email<br \/>\n<span class=\"wpcf7-form-control-wrap\" data-name=\"your-email\"><input size=\"40\" maxlength=\"400\" class=\"wpcf7-form-control wpcf7-email wpcf7-validates-as-required wpcf7-text wpcf7-validates-as-email\" aria-required=\"true\" aria-invalid=\"false\" value=\"\" type=\"email\" name=\"your-email\" \/><\/span> <\/label>\n<\/p>\n<p><label> Subject<br \/>\n<span class=\"wpcf7-form-control-wrap\" data-name=\"your-subject\"><input size=\"40\" maxlength=\"400\" class=\"wpcf7-form-control wpcf7-text wpcf7-validates-as-required\" aria-required=\"true\" aria-invalid=\"false\" value=\"\" type=\"text\" name=\"your-subject\" \/><\/span> <\/label>\n<\/p>\n<p><label> Your message (optional)<br \/>\n<span class=\"wpcf7-form-control-wrap\" data-name=\"your-message\"><textarea cols=\"40\" rows=\"10\" maxlength=\"2000\" class=\"wpcf7-form-control wpcf7-textarea\" aria-invalid=\"false\" name=\"your-message\"><\/textarea><\/span> <\/label>\n<\/p>\n<p><input class=\"wpcf7-form-control wpcf7-submit has-spinner\" type=\"submit\" value=\"Submit\" \/>\n<\/p><div class=\"wpcf7-response-output\" aria-hidden=\"true\"><\/div>\n<\/form>\n<\/div>\n\n<p>[\/col_inner]<\/p>\n<p>[\/row_inner]<\/p>\n<p>[\/col]<\/p>\n<p>[\/row]<br \/>\n[ux_instagram_feed]<\/p>\n","protected":false},"excerpt":{"rendered":"<p>[row style=\u00a0\u00bbcollapse\u00a0\u00bb width=\u00a0\u00bbfull-width\u00a0\u00bb] [col span__sm=\u00a0\u00bb12&Prime; padding=\u00a0\u00bb0px 30px 0px 30px\u00a0\u00bb] [section label=\u00a0\u00bbHero\u00a0\u00bb bg=\u00a0\u00bb223002&Prime; bg_overlay=\u00a0\u00bbrgba(0, 0, 0, 0.12)\u00a0\u00bb bg_overlay__sm=\u00a0\u00bbrgba(0, 0, 0, 0.12)\u00a0\u00bb<\/p>\n","protected":false},"author":2,"featured_media":0,"parent":0,"menu_order":0,"comment_status":"closed","ping_status":"closed","template":"","meta":{"footnotes":""},"class_list":["post-224196","page","type-page","status-publish","hentry"],"_links":{"self":[{"href":"https:\/\/world-couture.com\/fr\/wp-json\/wp\/v2\/pages\/224196","targetHints":{"allow":["GET"]}}],"collection":[{"href":"https:\/\/world-couture.com\/fr\/wp-json\/wp\/v2\/pages"}],"about":[{"href":"https:\/\/world-couture.com\/fr\/wp-json\/wp\/v2\/types\/page"}],"author":[{"embeddable":true,"href":"https:\/\/world-couture.com\/fr\/wp-json\/wp\/v2\/users\/2"}],"replies":[{"embeddable":true,"href":"https:\/\/world-couture.com\/fr\/wp-json\/wp\/v2\/comments?post=224196"}],"version-history":[{"count":3,"href":"https:\/\/world-couture.com\/fr\/wp-json\/wp\/v2\/pages\/224196\/revisions"}],"predecessor-version":[{"id":224251,"href":"https:\/\/world-couture.com\/fr\/wp-json\/wp\/v2\/pages\/224196\/revisions\/224251"}],"wp:attachment":[{"href":"https:\/\/world-couture.com\/fr\/wp-json\/wp\/v2\/media?parent=224196"}],"curies":[{"name":"wp","href":"https:\/\/api.w.org\/{rel}","templated":true}]}}