{"id":224225,"date":"2024-06-03T12:54:19","date_gmt":"2024-06-03T12:54:19","guid":{"rendered":"https:\/\/mediumslateblue-viper-911890.hostingersite.com\/?page_id=224225"},"modified":"2024-06-03T12:59:09","modified_gmt":"2024-06-03T12:59:09","slug":"wholsale-ordering","status":"publish","type":"page","link":"https:\/\/world-couture.com\/fr\/wholsale-ordering\/","title":{"rendered":"Wholsale Ordering"},"content":{"rendered":"<p>[row label=\u00a0\u00bbHero\u00a0\u00bb style=\u00a0\u00bbcollapse\u00a0\u00bb width=\u00a0\u00bbfull-width\u00a0\u00bb]<\/p>\n<p>[col span__sm=\u00a0\u00bb12&Prime; bg_color=\u00a0\u00bb#ad9d6a\u00a0\u00bb]<\/p>\n<p>[row_inner style=\u00a0\u00bbcollapse\u00a0\u00bb col_bg=\u00a0\u00bb#ad9d6a\u00a0\u00bb width=\u00a0\u00bbfull-width\u00a0\u00bb v_align=\u00a0\u00bbmiddle\u00a0\u00bb]<\/p>\n<p>[col_inner span=\u00a0\u00bb6&Prime; span__sm=\u00a0\u00bb12&Prime; span__md=\u00a0\u00bb7&Prime; padding=\u00a0\u00bb0px 10% 0px 15%\u00a0\u00bb padding__sm=\u00a0\u00bb20% 0px 20% 3%\u00a0\u00bb padding__md=\u00a0\u00bb0px 0px 0px 3%\u00a0\u00bb color=\u00a0\u00bblight\u00a0\u00bb]<\/p>\n<p>[ux_text font_size=\u00a0\u00bb1.75&Prime; font_size__sm=\u00a0\u00bb1.85&Prime;]<\/p>\n<h2>Commande en gros de robes de soir\u00e9e \u00e9l\u00e9gantes<\/h2>\n<p>[\/ux_text]<br \/>\n[ux_stack]<\/p>\n<p>[button text=\u00a0\u00bbWhatsapp\u00a0\u00bb color=\u00a0\u00bbwhite\u00a0\u00bb padding=\u00a0\u00bb7px 30px 7px 30px\u00a0\u00bb radius=\u00a0\u00bb8&Prime; icon=\u00a0\u00bbicon-phone\u00a0\u00bb icon_pos=\u00a0\u00bbleft\u00a0\u00bb link=\u00a0\u00bbhttps:\/\/web.whatsapp.com\/send?phone=905376882101&amp;text=\u00a0\u00bb target=\u00a0\u00bb_blank\u00a0\u00bb]<\/p>\n<p>[button text=\u00a0\u00bbNos magasins\u00a0\u00bb color=\u00a0\u00bbwhite\u00a0\u00bb style=\u00a0\u00bbunderline\u00a0\u00bb padding=\u00a0\u00bb7px 30px 7px 30px\u00a0\u00bb radius=\u00a0\u00bb99&Prime; icon=\u00a0\u00bbicon-shopping-cart\u00a0\u00bb icon_pos=\u00a0\u00bbleft\u00a0\u00bb]<\/p>\n<p>[\/ux_stack]<br \/>\n[gap height=\u00a0\u00bb150px\u00a0\u00bb height__sm=\u00a0\u00bb50px\u00a0\u00bb visibility=\u00a0\u00bbhide-for-small\u00a0\u00bb]<\/p>\n<p>[\/col_inner]<br \/>\n[col_inner span=\u00a0\u00bb6&Prime; span__sm=\u00a0\u00bb12&Prime; span__md=\u00a0\u00bb5&Prime;]<\/p>\n<p>[ux_banner height=\u00a0\u00bb700px\u00a0\u00bb height__sm=\u00a0\u00bb350px\u00a0\u00bb height__md=\u00a0\u00bb650px\u00a0\u00bb bg=\u00a0\u00bb223831&Prime; bg_color=\u00a0\u00bbrgba(255, 255, 255, 0)\u00a0\u00bb bg_pos=\u00a0\u00bb47% 47%\u00a0\u00bb]<\/p>\n<p>[\/ux_banner]<\/p>\n<p>[\/col_inner]<\/p>\n<p>[\/row_inner]<\/p>\n<p>[\/col]<\/p>\n<p>[\/row]<br \/>\n[row label=\u00a0\u00bbNumbers\u00a0\u00bb]<\/p>\n<p>[col span__sm=\u00a0\u00bb12&Prime; padding=\u00a0\u00bb4% 3% 0px 3%\u00a0\u00bb padding__sm=\u00a0\u00bb12% 5% 10px 5%\u00a0\u00bb margin=\u00a0\u00bb-220px 0px 0px 0px\u00a0\u00bb margin__sm=\u00a0\u00bb-300px 0px 0px 0px\u00a0\u00bb bg_color=\u00a0\u00bbrgba(255, 255, 255, 0.75)\u00a0\u00bb]<\/p>\n<p>[row_inner]<\/p>\n<p>[col_inner span=\u00a0\u00bb3&Prime; span__sm=\u00a0\u00bb6&Prime; align=\u00a0\u00bbcenter\u00a0\u00bb]<\/p>\n<p>[ux_text font_size=\u00a0\u00bb1.75&Prime; line_height=\u00a0\u00bb0.75&Prime;]<\/p>\n<h3>3<\/h3>\n<p>[\/ux_text]<br \/>\n[ux_text font_size=\u00a0\u00bb0.9&Prime; line_height=\u00a0\u00bb0.75&Prime;]<\/p>\n<p>localisations \u00e0 Istanbul<\/p>\n<p>[\/ux_text]<\/p>\n<p>[\/col_inner]<br \/>\n[col_inner span=\u00a0\u00bb3&Prime; span__sm=\u00a0\u00bb6&Prime; align=\u00a0\u00bbcenter\u00a0\u00bb]<\/p>\n<p>[ux_text font_size=\u00a0\u00bb1.75&Prime; line_height=\u00a0\u00bb0.75&Prime;]<\/p>\n<h3>1000+<\/h3>\n<p>[\/ux_text]<br \/>\n[ux_text font_size=\u00a0\u00bb0.9&Prime; line_height=\u00a0\u00bb0.75&Prime;]<\/p>\n<p>Models<br \/>\n[\/ux_text]<\/p>\n<p>[\/col_inner]<br \/>\n[col_inner span=\u00a0\u00bb3&Prime; span__sm=\u00a0\u00bb6&Prime; align=\u00a0\u00bbcenter\u00a0\u00bb]<\/p>\n<p>[ux_text font_size=\u00a0\u00bb1.75&Prime; line_height=\u00a0\u00bb0.75&Prime;]<\/p>\n<h3>14+<\/h3>\n<p>[\/ux_text]<br \/>\n[ux_text font_size=\u00a0\u00bb0.9&Prime; line_height=\u00a0\u00bb0.75&Prime;]<\/p>\n<p>Ann\u00e9es d&rsquo;experience<\/p>\n<p>[\/ux_text]<\/p>\n<p>[\/col_inner]<br \/>\n[col_inner span=\u00a0\u00bb3&Prime; span__sm=\u00a0\u00bb6&Prime; align=\u00a0\u00bbcenter\u00a0\u00bb]<\/p>\n<p>[ux_text font_size=\u00a0\u00bb1.75&Prime; line_height=\u00a0\u00bb0.75&Prime;]<\/p>\n<h3>7000+<\/h3>\n<p>[\/ux_text]<br \/>\n[ux_text font_size=\u00a0\u00bb0.9&Prime; line_height=\u00a0\u00bb0.75&Prime;]<\/p>\n<p>Clients du monde entier<\/p>\n<p>[\/ux_text]<\/p>\n<p>[\/col_inner]<\/p>\n<p>[\/row_inner]<\/p>\n<p>[\/col]<\/p>\n<p>[\/row]<br \/>\n[section bg_color=\u00a0\u00bbrgb(173, 157, 106)\u00a0\u00bb dark=\u00a0\u00bbtrue\u00a0\u00bb padding=\u00a0\u00bb0px\u00a0\u00bb class=\u00a0\u00bbhome-hero\u00a0\u00bb]<\/p>\n<p>[row style=\u00a0\u00bbcollapse\u00a0\u00bb width=\u00a0\u00bbfull-width\u00a0\u00bb v_align=\u00a0\u00bbmiddle\u00a0\u00bb]<\/p>\n<p>[col span=\u00a0\u00bb6&Prime; span__sm=\u00a0\u00bb12&Prime; span__md=\u00a0\u00bb6&Prime; bg_color=\u00a0\u00bbrgb(0,0,0)\u00a0\u00bb]<\/p>\n<p>[ux_banner height=\u00a0\u00bb500px\u00a0\u00bb height__sm=\u00a0\u00bb300px\u00a0\u00bb bg=\u00a0\u00bb223947&Prime; bg_color=\u00a0\u00bbrgb(0,0,0)\u00a0\u00bb bg_pos=\u00a0\u00bb46% 0%\u00a0\u00bb]<\/p>\n<p>[\/ux_banner]<\/p>\n<p>[\/col]<br \/>\n[col span=\u00a0\u00bb6&Prime; span__sm=\u00a0\u00bb12&Prime; span__md=\u00a0\u00bb6&Prime;]<\/p>\n<p>[row_inner h_align=\u00a0\u00bbcenter\u00a0\u00bb padding=\u00a0\u00bb0px 0px 0px 0px\u00a0\u00bb padding__sm=\u00a0\u00bb40px 0px 20px 0px\u00a0\u00bb]<\/p>\n<p>[col_inner span=\u00a0\u00bb8&Prime; span__sm=\u00a0\u00bb10&Prime; span__md=\u00a0\u00bb8&Prime; padding=\u00a0\u00bb25px 0px 0px 0px\u00a0\u00bb]<\/p>\n<p>[ux_text text_align=\u00a0\u00bbcenter\u00a0\u00bb]<\/p>\n<h2 style=\"font-size: 200%;\">Comment commander<\/h2>\n<p>[\/ux_text]<br \/>\n[divider width=\u00a0\u00bb100%\u00a0\u00bb height=\u00a0\u00bb2px\u00a0\u00bb margin=\u00a0\u00bb20px\u00a0\u00bb color=\u00a0\u00bbrgb(224, 220, 178)\u00a0\u00bb]<\/p>\n<p>[featured_box img_width=\u00a0\u00bb40&Prime; pos=\u00a0\u00bbleft\u00a0\u00bb font_size=\u00a0\u00bbsmall\u00a0\u00bb margin=\u00a0\u00bb0px 0px 30px 0px\u00a0\u00bb]<\/p>\n<p>[ux_text text_align=\u00a0\u00bbcenter\u00a0\u00bb]<\/p>\n<h3>Choisissez votre robe<\/h3>\n<p>D\u00e9couvrez notre vaste collection de robes de soir\u00e9e.<\/p>\n<p>[\/ux_text]<\/p>\n<p>[\/featured_box]<br \/>\n[featured_box img_width=\u00a0\u00bb40&Prime; pos=\u00a0\u00bbleft\u00a0\u00bb font_size=\u00a0\u00bbsmall\u00a0\u00bb margin=\u00a0\u00bb0px 0px 30px 0px\u00a0\u00bb]<\/p>\n<p>[ux_text text_align=\u00a0\u00bbcenter\u00a0\u00bb]<\/p>\n<h3>Contactez-nous sur WhatsApp<\/h3>\n<p>Envoyez-nous un message sur WhatsApp avec une capture d&rsquo;\u00e9cran du mod\u00e8le souhait\u00e9.<\/p>\n<p>[\/ux_text]<\/p>\n<p>[\/featured_box]<br \/>\n[featured_box img_width=\u00a0\u00bb40&Prime; pos=\u00a0\u00bbleft\u00a0\u00bb font_size=\u00a0\u00bbsmall\u00a0\u00bb margin=\u00a0\u00bb0px 0px 30px 0px\u00a0\u00bb]<\/p>\n<p>[ux_text text_align=\u00a0\u00bbcenter\u00a0\u00bb]<\/p>\n<h3>Confirmez votre commande<\/h3>\n<p>Notre \u00e9quipe examinera votre commande, confirmera la disponibilit\u00e9 et vous fournira les d\u00e9tails de paiement et d&rsquo;exp\u00e9dition.<\/p>\n<p>[\/ux_text]<\/p>\n<p>[\/featured_box]<br \/>\n[button text=\u00a0\u00bbWhatsapp us\u00a0\u00bb letter_case=\u00a0\u00bblowercase\u00a0\u00bb color=\u00a0\u00bbsecondary\u00a0\u00bb size=\u00a0\u00bblarge\u00a0\u00bb radius=\u00a0\u00bb10&Prime; expand=\u00a0\u00bbtrue\u00a0\u00bb link=\u00a0\u00bbhttps:\/\/web.whatsapp.com\/send?phone=905376882101&amp;text=\u00a0\u00bb target=\u00a0\u00bb_blank\u00a0\u00bb]<\/p>\n<p>[\/col_inner]<\/p>\n<p>[\/row_inner]<\/p>\n<p>[\/col]<\/p>\n<p>[\/row]<\/p>\n<p>[\/section]<br \/>\n[section bg_color=\u00a0\u00bbrgb(244, 244, 244)\u00a0\u00bb padding=\u00a0\u00bb50px\u00a0\u00bb class=\u00a0\u00bbinfo-card-1&Prime;]<\/p>\n<p>[row label=\u00a0\u00bbTitle\u00a0\u00bb]<\/p>\n<p>[col span__sm=\u00a0\u00bb12&Prime; padding=\u00a0\u00bb20px 0px 0px 0px\u00a0\u00bb align=\u00a0\u00bbcenter\u00a0\u00bb]<\/p>\n<h2>Visitez nos magasins \u00e0 Istanbul<\/h2>\n<p>[\/col]<\/p>\n<p>[\/row]<br \/>\n[row label=\u00a0\u00bbInfo Cards\u00a0\u00bb style=\u00a0\u00bbsmall\u00a0\u00bb col_bg=\u00a0\u00bbrgb(255,255,255)\u00a0\u00bb v_align=\u00a0\u00bbequal\u00a0\u00bb]<\/p>\n<p>[col span=\u00a0\u00bb4&Prime; span__sm=\u00a0\u00bb12&Prime;]<\/p>\n<p>[ux_image_box style=\u00a0\u00bbpush\u00a0\u00bb img=\u00a0\u00bb223979&Prime; image_height=\u00a0\u00bb70%\u00a0\u00bb image_hover=\u00a0\u00bbzoom\u00a0\u00bb link=\u00a0\u00bbhttps:\/\/goo.gl\/maps\/ouUwtJ3Z1o58ew779&Prime; target=\u00a0\u00bb_blank\u00a0\u00bb text_bg=\u00a0\u00bbrgb(255, 255, 255)\u00a0\u00bb text_padding=\u00a0\u00bb20px 5% 20px 5%\u00a0\u00bb]<\/p>\n<h4>OUR MAIN OFFICE<\/h4>\n<p>me\u015frutiyet mahallesi tu\u011frul sokak No:2 Taylan App kat 1 D\/5 Osmanbey-\u015fi\u015fli\/istanbul<\/p>\n<p>[button text=\u00a0\u00bbexplore\u00a0\u00bb style=\u00a0\u00bbunderline\u00a0\u00bb link=\u00a0\u00bbhttps:\/\/goo.gl\/maps\/DqDeci7Uut1tSb947&Prime; target=\u00a0\u00bb_blank\u00a0\u00bb]<\/p>\n<p>[\/ux_image_box]<\/p>\n<p>[\/col]<br \/>\n[col span=\u00a0\u00bb4&Prime; span__sm=\u00a0\u00bb12&Prime;]<\/p>\n<p>[ux_image_box style=\u00a0\u00bbpush\u00a0\u00bb img=\u00a0\u00bb223502&Prime; image_height=\u00a0\u00bb70%\u00a0\u00bb image_hover=\u00a0\u00bbzoom\u00a0\u00bb link=\u00a0\u00bbhttps:\/\/goo.gl\/maps\/Acy8axb6vAGQpyz47&Prime; target=\u00a0\u00bb_blank\u00a0\u00bb text_bg=\u00a0\u00bbrgb(255, 255, 255)\u00a0\u00bb text_padding=\u00a0\u00bb20px 5% 20px 5%\u00a0\u00bb]<\/p>\n<h4>OUR FIRST SHOP<\/h4>\n<p>me\u015frutiyet mahallesi \u015fair nigar sokak NO 89 Osmanbey-\u015fi\u015fli\/istanbul<\/p>\n<p>[button text=\u00a0\u00bbexplore\u00a0\u00bb style=\u00a0\u00bbunderline\u00a0\u00bb link=\u00a0\u00bbhttps:\/\/goo.gl\/maps\/TjH1XXtqyk7ykgve8&Prime; target=\u00a0\u00bb_blank\u00a0\u00bb]<\/p>\n<p>[\/ux_image_box]<\/p>\n<p>[\/col]<br \/>\n[col span=\u00a0\u00bb4&Prime; span__sm=\u00a0\u00bb12&Prime;]<\/p>\n<p>[ux_image_box style=\u00a0\u00bbpush\u00a0\u00bb img=\u00a0\u00bb223472&Prime; image_height=\u00a0\u00bb70%\u00a0\u00bb image_hover=\u00a0\u00bbzoom\u00a0\u00bb link=\u00a0\u00bbhttps:\/\/goo.gl\/maps\/3ujkQ4CEGM3ojwxR9&Prime; target=\u00a0\u00bb_blank\u00a0\u00bb text_bg=\u00a0\u00bbrgb(255, 255, 255)\u00a0\u00bb text_padding=\u00a0\u00bb20px 5% 20px 5%\u00a0\u00bb]<\/p>\n<h4>OUR SECOND SHOP<\/h4>\n<p>Mimar Kemalettin, Turanl\u0131 Sk. nedim doral i\u015f merkezi D:No:35, 34126, 34126 Fatih\/\u0130stanbul<\/p>\n<p>[button text=\u00a0\u00bbExplore\u00a0\u00bb style=\u00a0\u00bbunderline\u00a0\u00bb link=\u00a0\u00bbhttps:\/\/goo.gl\/maps\/3ujkQ4CEGM3ojwxR9&Prime; target=\u00a0\u00bb_blank\u00a0\u00bb]<\/p>\n<p>[\/ux_image_box]<\/p>\n<p>[\/col]<\/p>\n<p>[\/row]<\/p>\n<p>[\/section]<br \/>\n[section label=\u00a0\u00bbContact\u00a0\u00bb bg=\u00a0\u00bb224108&Prime; padding=\u00a0\u00bb50px\u00a0\u00bb height=\u00a0\u00bb450px\u00a0\u00bb]<\/p>\n<p>[gap]<\/p>\n<p>[row]<\/p>\n<p>[col span__sm=\u00a0\u00bb12&Prime; padding=\u00a0\u00bb60px 60px 20px 60px\u00a0\u00bb padding__sm=\u00a0\u00bb50px 30px 0px 30px\u00a0\u00bb padding__md=\u00a0\u00bb30px 30px 0px 30px\u00a0\u00bb bg_color=\u00a0\u00bbrgba(255, 255, 255, 0.9)\u00a0\u00bb bg_radius=\u00a0\u00bb10&Prime;]<\/p>\n<p>[row_inner v_align=\u00a0\u00bbmiddle\u00a0\u00bb h_align=\u00a0\u00bbcenter\u00a0\u00bb]<\/p>\n<p>[col_inner span=\u00a0\u00bb6&Prime; span__sm=\u00a0\u00bb12&Prime; span__md=\u00a0\u00bb9&Prime; padding=\u00a0\u00bb0px 10% 0px 5%\u00a0\u00bb padding__sm=\u00a0\u00bb0px 0px 0px 0px\u00a0\u00bb padding__md=\u00a0\u00bb40px 0px 0px 0px\u00a0\u00bb align=\u00a0\u00bbcenter\u00a0\u00bb]<\/p>\n<p>[ux_text font_size=\u00a0\u00bb1.5&Prime;]<\/p>\n<h2>ADDRESSE<\/h2>\n<p>[\/ux_text]<\/p>\n<p>Me\u015frutiyet Mahallesi \u015eair Nigar Sokak No:89 Osmanbey-\u015ei\u015fli \/ \u0130stanbul<\/p>\n<p>[follow style=\u00a0\u00bbsmall\u00a0\u00bb scale=\u00a0\u00bb110&Prime; twitter=\u00a0\u00bb#\u00a0\u00bb linkedin=\u00a0\u00bb#\u00a0\u00bb pinterest=\u00a0\u00bb#\u00a0\u00bb]<\/p>\n<p>[\/col_inner]<br \/>\n[col_inner span=\u00a0\u00bb6&Prime; span__sm=\u00a0\u00bb12&Prime; span__md=\u00a0\u00bb12&Prime; margin=\u00a0\u00bb20px 0px 0px 0px\u00a0\u00bb]<\/p>\n\n<div class=\"wpcf7 no-js\" id=\"wpcf7-f223168-o1\" lang=\"en-GB\" dir=\"ltr\" data-wpcf7-id=\"223168\">\n<div class=\"screen-reader-response\"><p role=\"status\" aria-live=\"polite\" aria-atomic=\"true\"><\/p> <ul><\/ul><\/div>\n<form action=\"\/fr\/wp-json\/wp\/v2\/pages\/224225#wpcf7-f223168-o1\" method=\"post\" class=\"wpcf7-form init\" aria-label=\"Contact form\" novalidate=\"novalidate\" data-status=\"init\">\n<fieldset class=\"hidden-fields-container\"><input type=\"hidden\" name=\"_wpcf7\" value=\"223168\" \/><input type=\"hidden\" name=\"_wpcf7_version\" value=\"6.1.5\" \/><input type=\"hidden\" name=\"_wpcf7_locale\" value=\"en_GB\" \/><input type=\"hidden\" name=\"_wpcf7_unit_tag\" value=\"wpcf7-f223168-o1\" \/><input type=\"hidden\" name=\"_wpcf7_container_post\" value=\"0\" \/><input type=\"hidden\" name=\"_wpcf7_posted_data_hash\" value=\"\" \/>\n<\/fieldset>\n<p><label> Your name<br \/>\n<span class=\"wpcf7-form-control-wrap\" data-name=\"your-name\"><input size=\"40\" maxlength=\"400\" class=\"wpcf7-form-control wpcf7-text wpcf7-validates-as-required\" aria-required=\"true\" aria-invalid=\"false\" value=\"\" type=\"text\" name=\"your-name\" \/><\/span> <\/label>\n<\/p>\n<p><label> Your email<br \/>\n<span class=\"wpcf7-form-control-wrap\" data-name=\"your-email\"><input size=\"40\" maxlength=\"400\" class=\"wpcf7-form-control wpcf7-email wpcf7-validates-as-required wpcf7-text wpcf7-validates-as-email\" aria-required=\"true\" aria-invalid=\"false\" value=\"\" type=\"email\" name=\"your-email\" \/><\/span> <\/label>\n<\/p>\n<p><label> Subject<br \/>\n<span class=\"wpcf7-form-control-wrap\" data-name=\"your-subject\"><input size=\"40\" maxlength=\"400\" class=\"wpcf7-form-control wpcf7-text wpcf7-validates-as-required\" aria-required=\"true\" aria-invalid=\"false\" value=\"\" type=\"text\" name=\"your-subject\" \/><\/span> <\/label>\n<\/p>\n<p><label> Your message (optional)<br \/>\n<span class=\"wpcf7-form-control-wrap\" data-name=\"your-message\"><textarea cols=\"40\" rows=\"10\" maxlength=\"2000\" class=\"wpcf7-form-control wpcf7-textarea\" aria-invalid=\"false\" name=\"your-message\"><\/textarea><\/span> <\/label>\n<\/p>\n<p><input class=\"wpcf7-form-control wpcf7-submit has-spinner\" type=\"submit\" value=\"Submit\" \/>\n<\/p><div class=\"wpcf7-response-output\" aria-hidden=\"true\"><\/div>\n<\/form>\n<\/div>\n\n<p>[\/col_inner]<\/p>\n<p>[\/row_inner]<\/p>\n<p>[\/col]<\/p>\n<p>[\/row]<\/p>\n<p>[\/section]<\/p>\n","protected":false},"excerpt":{"rendered":"<p>[row label=\u00a0\u00bbHero\u00a0\u00bb style=\u00a0\u00bbcollapse\u00a0\u00bb width=\u00a0\u00bbfull-width\u00a0\u00bb] [col span__sm=\u00a0\u00bb12&Prime; bg_color=\u00a0\u00bb#ad9d6a\u00a0\u00bb] [row_inner style=\u00a0\u00bbcollapse\u00a0\u00bb col_bg=\u00a0\u00bb#ad9d6a\u00a0\u00bb width=\u00a0\u00bbfull-width\u00a0\u00bb v_align=\u00a0\u00bbmiddle\u00a0\u00bb] [col_inner span=\u00a0\u00bb6&Prime; span__sm=\u00a0\u00bb12&Prime; span__md=\u00a0\u00bb7&Prime; padding=\u00a0\u00bb0px 10% 0px 15%\u00a0\u00bb<\/p>\n","protected":false},"author":2,"featured_media":0,"parent":0,"menu_order":0,"comment_status":"closed","ping_status":"closed","template":"","meta":{"footnotes":""},"class_list":["post-224225","page","type-page","status-publish","hentry"],"_links":{"self":[{"href":"https:\/\/world-couture.com\/fr\/wp-json\/wp\/v2\/pages\/224225","targetHints":{"allow":["GET"]}}],"collection":[{"href":"https:\/\/world-couture.com\/fr\/wp-json\/wp\/v2\/pages"}],"about":[{"href":"https:\/\/world-couture.com\/fr\/wp-json\/wp\/v2\/types\/page"}],"author":[{"embeddable":true,"href":"https:\/\/world-couture.com\/fr\/wp-json\/wp\/v2\/users\/2"}],"replies":[{"embeddable":true,"href":"https:\/\/world-couture.com\/fr\/wp-json\/wp\/v2\/comments?post=224225"}],"version-history":[{"count":2,"href":"https:\/\/world-couture.com\/fr\/wp-json\/wp\/v2\/pages\/224225\/revisions"}],"predecessor-version":[{"id":224229,"href":"https:\/\/world-couture.com\/fr\/wp-json\/wp\/v2\/pages\/224225\/revisions\/224229"}],"wp:attachment":[{"href":"https:\/\/world-couture.com\/fr\/wp-json\/wp\/v2\/media?parent=224225"}],"curies":[{"name":"wp","href":"https:\/\/api.w.org\/{rel}","templated":true}]}}